{"id":825,"date":"2020-01-29T11:52:12","date_gmt":"2020-01-29T14:52:12","guid":{"rendered":"https:\/\/chiocchetti.com.ar\/sitio\/?page_id=825"},"modified":"2020-01-29T11:54:22","modified_gmt":"2020-01-29T14:54:22","slug":"eltrebol","status":"publish","type":"page","link":"https:\/\/chiocchetti.com.ar\/sitio\/eltrebol\/","title":{"rendered":"El Trebol"},"content":{"rendered":"<p>[vc_row css_animation=\u00bb\u00bb row_type=\u00bbrow\u00bb use_row_as_full_screen_section=\u00bbno\u00bb type=\u00bbgrid\u00bb angled_section=\u00bbno\u00bb text_align=\u00bbleft\u00bb background_image_as_pattern=\u00bbwithout_pattern\u00bb z_index=\u00bb\u00bb][vc_column][vc_empty_space][vc_column_text]<\/p>\n<h4><span style=\"font-size: 30px;\">EL TREBOL, calle 83 entre 6 y 8 | 2020<\/span><\/h4>\n<p>[\/vc_column_text][vc_empty_space][\/vc_column][\/vc_row][vc_row css_animation=\u00bb\u00bb row_type=\u00bbrow\u00bb use_row_as_full_screen_section=\u00bbno\u00bb type=\u00bbgrid\u00bb angled_section=\u00bbno\u00bb text_align=\u00bbleft\u00bb background_image_as_pattern=\u00bbwithout_pattern\u00bb z_index=\u00bb\u00bb][vc_column width=\u00bb1\/2&#8243;][vc_column_text]El desarrollo tiene 12 departamentos ubicados entre\u00a0primer y segundo piso por escalera , un local en planta baja y 8 cocheras .<\/p>\n<p>Los departamentos tendr\u00e1n \u00a042 m2 cubiertos , constan de una habitaci\u00f3n con placard , ba\u00f1o , estar comedor con la cocina incorporada ( dividido con barra desayunadora) \u00a0y cocheras[\/vc_column_text][\/vc_column][vc_column width=\u00bb1\/2&#8243;][\/vc_column][\/vc_row][vc_row css_animation=\u00bb\u00bb row_type=\u00bbrow\u00bb use_row_as_full_screen_section=\u00bbno\u00bb type=\u00bbgrid\u00bb angled_section=\u00bbno\u00bb text_align=\u00bbleft\u00bb background_image_as_pattern=\u00bbwithout_pattern\u00bb z_index=\u00bb\u00bb][vc_column][vc_empty_space][vc_gallery type=\u00bbimage_grid\u00bb images=\u00bb827,828,829,830,831&#8243; img_size=\u00bb300&#215;200&#8243; css_animation=\u00bbbounceIn\u00bb column_number=\u00bb4&#8243; grayscale=\u00bbyes\u00bb images_space=\u00bbgallery_without_space\u00bb][vc_empty_space][\/vc_column][\/vc_row][vc_row css_animation=\u00bb\u00bb row_type=\u00bbrow\u00bb use_row_as_full_screen_section=\u00bbno\u00bb type=\u00bbfull_width\u00bb angled_section=\u00bbno\u00bb text_align=\u00bbleft\u00bb background_image_as_pattern=\u00bbwithout_pattern\u00bb z_index=\u00bb\u00bb][vc_column]<div class=\"call_to_action normal\" style=\"\"><div class=\"container_inner\"><div class=\"two_columns_75_25 clearfix\"><div class=\"text_wrapper column1\"><div class=\"call_to_action_text \" style=\"\">Comunicate de la manera m\u00e1s f\u00e1cil, de lunes a s\u00e1bados de 8:30 a 18:30.<\/div><\/div><div class=\"button_wrapper column2\"><a itemprop=\"url\" href=\"https:\/\/api.whatsapp.com\/send?phone=5492262639050&amp;text=Estoy%20contact%C3%A1ndome%20desde%20el%20Sitio%20Chiocchetti%20Propiedades\" class=\"qbutton white medium\" target=\"\" style=\"color: #ffffff;border-color: #000000;background-color: #000000;\" data-hover-background-color=#757575 data-hover-border-color=#757575 data-hover-color=#cccccc>Enviar WhatsApp<\/a><\/div><\/div><\/div><\/div>[\/vc_column][\/vc_row]<\/p>\n","protected":false},"excerpt":{"rendered":"<p>[vc_row css_animation=\u00bb\u00bb row_type=\u00bbrow\u00bb use_row_as_full_screen_section=\u00bbno\u00bb type=\u00bbgrid\u00bb angled_section=\u00bbno\u00bb text_align=\u00bbleft\u00bb background_image_as_pattern=\u00bbwithout_pattern\u00bb z_index=\u00bb\u00bb][vc_column][vc_empty_space][vc_column_text] EL TREBOL, calle 83 entre 6 y 8 | 2020 [\/vc_column_text][vc_empty_space][\/vc_column][\/vc_row][vc_row css_animation=\u00bb\u00bb row_type=\u00bbrow\u00bb use_row_as_full_screen_section=\u00bbno\u00bb type=\u00bbgrid\u00bb angled_section=\u00bbno\u00bb text_align=\u00bbleft\u00bb background_image_as_pattern=\u00bbwithout_pattern\u00bb z_index=\u00bb\u00bb][vc_column width=\u00bb1\/2&#8243;][vc_column_text]El desarrollo tiene 12 departamentos ubicados entre\u00a0primer y segundo piso por escalera , un local en planta&#8230;<\/p>\n","protected":false},"author":3,"featured_media":0,"parent":0,"menu_order":0,"comment_status":"closed","ping_status":"closed","template":"full_width.php","meta":{"footnotes":""},"class_list":["post-825","page","type-page","status-publish","hentry"],"_links":{"self":[{"href":"https:\/\/chiocchetti.com.ar\/sitio\/wp-json\/wp\/v2\/pages\/825","targetHints":{"allow":["GET"]}}],"collection":[{"href":"https:\/\/chiocchetti.com.ar\/sitio\/wp-json\/wp\/v2\/pages"}],"about":[{"href":"https:\/\/chiocchetti.com.ar\/sitio\/wp-json\/wp\/v2\/types\/page"}],"author":[{"embeddable":true,"href":"https:\/\/chiocchetti.com.ar\/sitio\/wp-json\/wp\/v2\/users\/3"}],"replies":[{"embeddable":true,"href":"https:\/\/chiocchetti.com.ar\/sitio\/wp-json\/wp\/v2\/comments?post=825"}],"version-history":[{"count":3,"href":"https:\/\/chiocchetti.com.ar\/sitio\/wp-json\/wp\/v2\/pages\/825\/revisions"}],"predecessor-version":[{"id":834,"href":"https:\/\/chiocchetti.com.ar\/sitio\/wp-json\/wp\/v2\/pages\/825\/revisions\/834"}],"wp:attachment":[{"href":"https:\/\/chiocchetti.com.ar\/sitio\/wp-json\/wp\/v2\/media?parent=825"}],"curies":[{"name":"wp","href":"https:\/\/api.w.org\/{rel}","templated":true}]}}