{"id":340,"date":"2020-01-09T14:04:04","date_gmt":"2020-01-09T14:04:04","guid":{"rendered":"https:\/\/chiocchetti.com.ar\/sitio\/thank-you\/"},"modified":"2022-01-14T11:39:36","modified_gmt":"2022-01-14T14:39:36","slug":"desarrollos","status":"publish","type":"page","link":"https:\/\/chiocchetti.com.ar\/sitio\/desarrollos\/","title":{"rendered":"FIDEICOMISO 77 Y 6"},"content":{"rendered":"<p>[vc_row css_animation=\u00bb\u00bb row_type=\u00bbrow\u00bb use_row_as_full_screen_section=\u00bbno\u00bb type=\u00bbgrid\u00bb angled_section=\u00bbno\u00bb text_align=\u00bbleft\u00bb background_image_as_pattern=\u00bbwithout_pattern\u00bb z_index=\u00bb\u00bb][vc_column][vc_empty_space][vc_column_text]<\/p>\n<h4><span style=\"font-size: 30px;\">FIDEICOMISO INMOBILIARIO 77 Y 6 | 2020<\/span><\/h4>\n<p>[\/vc_column_text][vc_empty_space][\/vc_column][\/vc_row][vc_row css_animation=\u00bb\u00bb row_type=\u00bbrow\u00bb use_row_as_full_screen_section=\u00bbno\u00bb type=\u00bbgrid\u00bb angled_section=\u00bbno\u00bb text_align=\u00bbleft\u00bb background_image_as_pattern=\u00bbwithout_pattern\u00bb z_index=\u00bb\u00bb][vc_column width=\u00bb1\/2&#8243;][vc_column_text]El edificio se construir\u00e1 en la calle 77 esquina 6 de la ciudad de Necochea,<br \/>\nconformado por:<br \/>\n&#8211; Planta baja: se encuentra el hall de acceso y las cocheras (12)<br \/>\n&#8211; Planta \u00a01\u00ba a 3\u00ba piso: aqu\u00ed se ubican 4 departamentos de las caracter\u00edsticas<br \/>\nsiguientes: 2 departamentos monoambientes, uno\u00a0de 1 dormitorio 2 y uno de de 2 dormitorios m\u00e1s 14\u00a0m2 de espacios comunes.<br \/>\n&#8211; Planta 4\u00ba piso: aqu\u00edi se ubican 2 departamentos, uno\u00a0de 1 dormitorio y otro de 2 dormitorios m\u00e1s 20 m2 de espacios comunes.<\/p>\n<p>Las terminaciones de las unidades ser\u00e1n con pisos y revestimientos en porcelanato en\u00a0cocina, estar, comedor, ba\u00f1os y dormitorios ; los ba\u00f1os y cocinas ser\u00e1n equipadas con\u00a0bajo mesadas y alacenas en melamina, placares terminados y totalmente pintados los\u00a0muros y cielorrasos. Las mesadas ser\u00e1n de m\u00e1rmol gris mara o similar en cocinas.-<\/p>\n<hr \/>\n<h5><span style=\"color: #000000;\"><strong>VALOR DE VENTA:<\/strong>\u00a0usd 1500.- x M2<\/span><\/h5>\n<p>[\/vc_column_text][\/vc_column][vc_column width=\u00bb1\/2&#8243;][vc_column_text]El hall de acceso de planta baja con pisos de porcelanato. El ascensor tendr\u00e1 el<br \/>\ninterior de acero inoxidable y pa\u00f1os de espejo. Ser\u00e1n autom\u00e1ticos con puerta<br \/>\nautom\u00e1ticas en cada piso.-<br \/>\nContar\u00e1 con doce (12) cocheras cubiertas y descubiertas en planta baja.-<br \/>\nEn todos los espacios comunes se colocar\u00e1n los artefactos de luz, luces de<br \/>\nemergencia, matafuegos y la escalera ser\u00e1 descubierta.-<br \/>\nContar\u00e1 con dos (2) terrazas verdes privadas con su tratamiento de c\u00e9sped natural.-<br \/>\nLas unidades no incluyen artefactos de luz, cocinas, campanas o extractores de aire,<br \/>\nequipos de aire acondicionado (si las instalaciones correspondientes)[\/vc_column_text][\/vc_column][\/vc_row][vc_row css_animation=\u00bb\u00bb row_type=\u00bbrow\u00bb use_row_as_full_screen_section=\u00bbno\u00bb type=\u00bbgrid\u00bb angled_section=\u00bbno\u00bb text_align=\u00bbleft\u00bb background_image_as_pattern=\u00bbwithout_pattern\u00bb z_index=\u00bb\u00bb][vc_column][vc_empty_space][vc_gallery type=\u00bbimage_grid\u00bb images=\u00bb418,419,420,421,422,423,424,425,1669,1670,1671,1672&#8243; img_size=\u00bb300&#215;200&#8243; css_animation=\u00bbbounceIn\u00bb column_number=\u00bb4&#8243; grayscale=\u00bbyes\u00bb images_space=\u00bbgallery_without_space\u00bb][vc_empty_space][\/vc_column][\/vc_row][vc_row css_animation=\u00bb\u00bb row_type=\u00bbrow\u00bb use_row_as_full_screen_section=\u00bbno\u00bb type=\u00bbfull_width\u00bb angled_section=\u00bbno\u00bb text_align=\u00bbleft\u00bb background_image_as_pattern=\u00bbwithout_pattern\u00bb z_index=\u00bb\u00bb][vc_column]<div class=\"call_to_action normal\" style=\"\"><div class=\"container_inner\"><div class=\"two_columns_75_25 clearfix\"><div class=\"text_wrapper column1\"><div class=\"call_to_action_text \" style=\"\">Comunicate de la manera m\u00e1s f\u00e1cil, de lunes a s\u00e1bados de 8:30 a 18:30.<\/div><\/div><div class=\"button_wrapper column2\"><a itemprop=\"url\" href=\"https:\/\/api.whatsapp.com\/send?phone=5492262639050&amp;text=Estoy%20contact%C3%A1ndome%20desde%20el%20Sitio%20Chiocchetti%20Propiedades\" class=\"qbutton white medium\" target=\"\" style=\"color: #ffffff;border-color: #000000;background-color: #000000;\" data-hover-background-color=#757575 data-hover-border-color=#757575 data-hover-color=#cccccc>Enviar WhatsApp<\/a><\/div><\/div><\/div><\/div>[\/vc_column][\/vc_row]<\/p>\n","protected":false},"excerpt":{"rendered":"<p>[vc_row css_animation=\u00bb\u00bb row_type=\u00bbrow\u00bb use_row_as_full_screen_section=\u00bbno\u00bb type=\u00bbgrid\u00bb angled_section=\u00bbno\u00bb text_align=\u00bbleft\u00bb background_image_as_pattern=\u00bbwithout_pattern\u00bb z_index=\u00bb\u00bb][vc_column][vc_empty_space][vc_column_text] FIDEICOMISO INMOBILIARIO 77 Y 6 | 2020 [\/vc_column_text][vc_empty_space][\/vc_column][\/vc_row][vc_row css_animation=\u00bb\u00bb row_type=\u00bbrow\u00bb use_row_as_full_screen_section=\u00bbno\u00bb type=\u00bbgrid\u00bb angled_section=\u00bbno\u00bb text_align=\u00bbleft\u00bb background_image_as_pattern=\u00bbwithout_pattern\u00bb z_index=\u00bb\u00bb][vc_column width=\u00bb1\/2&#8243;][vc_column_text]El edificio se construir\u00e1 en la calle 77 esquina 6 de la ciudad de Necochea, conformado por: &#8211; Planta baja:&#8230;<\/p>\n","protected":false},"author":3,"featured_media":0,"parent":0,"menu_order":0,"comment_status":"closed","ping_status":"closed","template":"full_width.php","meta":{"footnotes":""},"class_list":["post-340","page","type-page","status-publish","hentry"],"_links":{"self":[{"href":"https:\/\/chiocchetti.com.ar\/sitio\/wp-json\/wp\/v2\/pages\/340","targetHints":{"allow":["GET"]}}],"collection":[{"href":"https:\/\/chiocchetti.com.ar\/sitio\/wp-json\/wp\/v2\/pages"}],"about":[{"href":"https:\/\/chiocchetti.com.ar\/sitio\/wp-json\/wp\/v2\/types\/page"}],"author":[{"embeddable":true,"href":"https:\/\/chiocchetti.com.ar\/sitio\/wp-json\/wp\/v2\/users\/3"}],"replies":[{"embeddable":true,"href":"https:\/\/chiocchetti.com.ar\/sitio\/wp-json\/wp\/v2\/comments?post=340"}],"version-history":[{"count":16,"href":"https:\/\/chiocchetti.com.ar\/sitio\/wp-json\/wp\/v2\/pages\/340\/revisions"}],"predecessor-version":[{"id":1673,"href":"https:\/\/chiocchetti.com.ar\/sitio\/wp-json\/wp\/v2\/pages\/340\/revisions\/1673"}],"wp:attachment":[{"href":"https:\/\/chiocchetti.com.ar\/sitio\/wp-json\/wp\/v2\/media?parent=340"}],"curies":[{"name":"wp","href":"https:\/\/api.w.org\/{rel}","templated":true}]}}