{"id":678,"date":"2014-11-27T13:29:21","date_gmt":"2014-11-27T13:29:21","guid":{"rendered":"http:\/\/aletheme.com\/wordpress\/luster\/?page_id=678"},"modified":"2018-12-13T11:37:54","modified_gmt":"2018-12-13T11:37:54","slug":"contacto","status":"publish","type":"page","link":"https:\/\/chiocchetti.com.ar\/inmo\/contacto\/","title":{"rendered":"Contacto"},"content":{"rendered":"[vc_row][vc_column][vc_column_text]Utilice cualquiera de las v\u00edas de comunicaci\u00f3n para poder resolver su consulta o b\u00fasqueda. En Chiocchetti Inmobiliaria contamos con toda nuestra experiencia para\u00a0asesorarlos.<\/p>\n<p>Empresas y particulares en lo referente a la actividad inmobiliaria y a tasaciones profesionales y judiciales.[\/vc_column_text][vc_cta h2=\u00bb\u00a1Hola! Mandanos un WhatsApp.\u00bb color=\u00bbmulled-wine\u00bb add_button=\u00bbright\u00bb btn_title=\u00bbENVIAR MENSAJE\u00bb btn_color=\u00bbdanger\u00bb btn_link=\u00bburl:https%3A%2F%2Fapi.whatsapp.com%2Fsend%3Fphone%3D5492262639050%26text%3DEstoy%2520contact%25C3%25A1ndome%2520desde%2520el%2520Sitio%2520Chiocchetti%2520Propiedades|||\u00bb]Comunicate de la manera m\u00e1s f\u00e1cil, de lunes a s\u00e1bados de 8:30 a 18:30.[\/vc_cta][\/vc_column][\/vc_row]\n","protected":false},"excerpt":{"rendered":"<p>[vc_row][vc_column][vc_column_text]Utilice cualquiera de las v\u00edas de comunicaci\u00f3n para poder resolver su consulta o b\u00fasqueda. En Chiocchetti Inmobiliaria contamos con toda nuestra experiencia para\u00a0asesorarlos. Empresas y particulares en lo referente a la actividad inmobiliaria y a tasaciones profesionales y judiciales.[\/vc_column_text][vc_cta h2=\u00bb\u00a1Hola! Mandanos un WhatsApp.\u00bb color=\u00bbmulled-wine\u00bb add_button=\u00bbright\u00bb btn_title=\u00bbENVIAR MENSAJE\u00bb btn_color=\u00bbdanger\u00bb btn_link=\u00bburl:https%3A%2F%2Fapi.whatsapp.com%2Fsend%3Fphone%3D5492262639050%26text%3DEstoy%2520contact%25C3%25A1ndome%2520desde%2520el%2520Sitio%2520Chiocchetti%2520Propiedades|||\u00bb]Comunicate de la manera m\u00e1s f\u00e1cil, de [&hellip;]<\/p>\n","protected":false},"author":1,"featured_media":0,"parent":0,"menu_order":0,"comment_status":"open","ping_status":"open","template":"template-contact-2.php","meta":{"footnotes":""},"class_list":["post-678","page","type-page","status-publish","hentry"],"_links":{"self":[{"href":"https:\/\/chiocchetti.com.ar\/inmo\/wp-json\/wp\/v2\/pages\/678","targetHints":{"allow":["GET"]}}],"collection":[{"href":"https:\/\/chiocchetti.com.ar\/inmo\/wp-json\/wp\/v2\/pages"}],"about":[{"href":"https:\/\/chiocchetti.com.ar\/inmo\/wp-json\/wp\/v2\/types\/page"}],"author":[{"embeddable":true,"href":"https:\/\/chiocchetti.com.ar\/inmo\/wp-json\/wp\/v2\/users\/1"}],"replies":[{"embeddable":true,"href":"https:\/\/chiocchetti.com.ar\/inmo\/wp-json\/wp\/v2\/comments?post=678"}],"version-history":[{"count":5,"href":"https:\/\/chiocchetti.com.ar\/inmo\/wp-json\/wp\/v2\/pages\/678\/revisions"}],"predecessor-version":[{"id":4460,"href":"https:\/\/chiocchetti.com.ar\/inmo\/wp-json\/wp\/v2\/pages\/678\/revisions\/4460"}],"wp:attachment":[{"href":"https:\/\/chiocchetti.com.ar\/inmo\/wp-json\/wp\/v2\/media?parent=678"}],"curies":[{"name":"wp","href":"https:\/\/api.w.org\/{rel}","templated":true}]}}