{"id":673,"date":"2014-11-27T12:55:42","date_gmt":"2014-11-27T12:55:42","guid":{"rendered":"http:\/\/aletheme.com\/wordpress\/luster\/?page_id=673"},"modified":"2015-06-18T13:30:15","modified_gmt":"2015-06-18T13:30:15","slug":"services-2","status":"publish","type":"page","link":"https:\/\/chiocchetti.com.ar\/inmo\/services-2\/","title":{"rendered":"Inmobiliaria"},"content":{"rendered":"<p>En este sitio encontrar\u00e1 una amplia gama de soluciones inmobiliarias pensadas desde el profesionalismo y la eficacia que caracteriza a nuestra empresa. A partir de la gesti\u00f3n integral y comercializaci\u00f3n de inmuebles en la ciudad de Necochea, nos proponemos satisfacer las necesidades de nuestros clientes y otorgarles un excelente asesoramiento. Para ello, nos hemos especializado en la realizaci\u00f3n de ventas, alquileres y administraci\u00f3n, adem\u00e1s de participar en construcciones que ampl\u00edan la oferta en la ciudad.<\/p>\n<p>Nuestro objetivo principal es brindarles soluciones y oportunidades a nuestros clientes en forma profesional y responsable, haciendo honor a nuestras buenas ra\u00edces, colaborando as\u00ed con el desarrollo de un mercado inmobiliario confiable y transparente.<\/p>\n","protected":false},"excerpt":{"rendered":"<p>En este sitio encontrar\u00e1 una amplia gama de soluciones inmobiliarias pensadas desde el profesionalismo y la eficacia que caracteriza a nuestra empresa. A partir de la gesti\u00f3n integral y comercializaci\u00f3n de inmuebles en la ciudad de Necochea, nos proponemos satisfacer las necesidades de nuestros clientes y otorgarles un excelente asesoramiento. Para ello, nos hemos especializado [&hellip;]<\/p>\n","protected":false},"author":1,"featured_media":0,"parent":0,"menu_order":0,"comment_status":"open","ping_status":"open","template":"template-service-2.php","meta":{"footnotes":""},"class_list":["post-673","page","type-page","status-publish","hentry"],"_links":{"self":[{"href":"https:\/\/chiocchetti.com.ar\/inmo\/wp-json\/wp\/v2\/pages\/673","targetHints":{"allow":["GET"]}}],"collection":[{"href":"https:\/\/chiocchetti.com.ar\/inmo\/wp-json\/wp\/v2\/pages"}],"about":[{"href":"https:\/\/chiocchetti.com.ar\/inmo\/wp-json\/wp\/v2\/types\/page"}],"author":[{"embeddable":true,"href":"https:\/\/chiocchetti.com.ar\/inmo\/wp-json\/wp\/v2\/users\/1"}],"replies":[{"embeddable":true,"href":"https:\/\/chiocchetti.com.ar\/inmo\/wp-json\/wp\/v2\/comments?post=673"}],"version-history":[{"count":2,"href":"https:\/\/chiocchetti.com.ar\/inmo\/wp-json\/wp\/v2\/pages\/673\/revisions"}],"predecessor-version":[{"id":1280,"href":"https:\/\/chiocchetti.com.ar\/inmo\/wp-json\/wp\/v2\/pages\/673\/revisions\/1280"}],"wp:attachment":[{"href":"https:\/\/chiocchetti.com.ar\/inmo\/wp-json\/wp\/v2\/media?parent=673"}],"curies":[{"name":"wp","href":"https:\/\/api.w.org\/{rel}","templated":true}]}}