{"id":668,"date":"2014-11-27T12:38:34","date_gmt":"2014-11-27T12:38:34","guid":{"rendered":"http:\/\/aletheme.com\/wordpress\/luster\/?page_id=668"},"modified":"2017-03-03T14:49:31","modified_gmt":"2017-03-03T14:49:31","slug":"alhmaparque","status":"publish","type":"page","link":"https:\/\/chiocchetti.com.ar\/inmo\/alhmaparque\/","title":{"rendered":"Alhma Parque Fideicomiso"},"content":{"rendered":"<p><a href=\"http:\/\/chiocchetti.com.ar\/inmo\/wp-content\/uploads\/2014\/11\/parque_2.jpg\"><img loading=\"lazy\" decoding=\"async\" class=\"alignnone wp-image-3664\" src=\"http:\/\/chiocchetti.com.ar\/inmo\/wp-content\/uploads\/2014\/11\/parque_2-1024x171.jpg\" alt=\"parque_2\" width=\"900\" height=\"151\" srcset=\"https:\/\/chiocchetti.com.ar\/inmo\/wp-content\/uploads\/2014\/11\/parque_2-1024x171.jpg 1024w, https:\/\/chiocchetti.com.ar\/inmo\/wp-content\/uploads\/2014\/11\/parque_2-300x50.jpg 300w, https:\/\/chiocchetti.com.ar\/inmo\/wp-content\/uploads\/2014\/11\/parque_2.jpg 1548w\" sizes=\"auto, (max-width: 900px) 100vw, 900px\" \/><\/a><\/p>\n<h4><span style=\"color: #000000;\">Ubicado entre el mar y enfrentado al maravilloso parque Miguel Lillo, ALHMA. PARQUE propone un FIDEICOMISO \u00fanico en la ciudad. De uno a 4 \u00a0departamento por piso, carpinter\u00eda DVH, ascensores de \u00faltima tecnolog\u00eda y Hall de 5mts de altura hacen de este emprendimiento una oportunidad \u00fanica.<\/span><\/h4>\n<blockquote>\n<h4><span style=\"color: #000000;\">El fideicomiso\u00a0 ALHMA PARQUE se emplaza sobre la calle 4 entre las calles\u00a0 89 y 91 frente al parque Miguel Lillo en cercan\u00eda al complejo casino y a la playa. Este proyecto fue pensado con la utilizaci\u00f3n de energ\u00edas renovables como parte del dise\u00f1o.<\/span><\/h4>\n<\/blockquote>\n<h4><span style=\"color: #000000;\">El edificio consta de nueve pisos, existen tres plantas tipo : la primera compuesta por cuatro departamentos de un dormitorio, la segunda compuesta por dos semipisos de dos dormitorios cada uno con ba\u00f1o en suite y vestidor; la tercera es un piso completo con tres dormitorios en suite con vestidor. En el remate del edificio, en una ubicaci\u00f3n privilegiada se ubica el penthouse con un estar en doble altura integrado con el comedor y la cocina\u00a0 en planta abaja; en la planta alta posee dos dormitorios. Esta planta es compartida con el Sum.<\/span><\/h4>\n<h4><span style=\"color: #000000;\">Los espacios comunes se componen por el palier de acceso, que consta de dos ascensores, 29 cocheras (cubiertas y descubiertas), bauleras, Spa , Gym y Sal\u00f3n de usos m\u00faltiples.<\/span><\/h4>\n<h4><span style=\"color: #000000;\">El Spa se compone por una pileta de relajaci\u00f3n con vista al parque al igual que el hidromasaje; tambi\u00e9n lo componen dos box de sauna h\u00famedo. En esta misma planta se encuentra el sector de gym\u00a0 con vestuarios y sanitarios. El sal\u00f3n de usos m\u00faltiples (SUM) \u00a0 posee una cocina totalmente equipada con parrila interior\u00a0 y\u00a0 un amplio comedor con vistas hacia el contrafrente (mar) y frente al parque, con una terraza exterior\u00a0 con una vista privilegiada del parque y la ciudad equipada con parrilla y anexos de la misma.<\/span><\/h4>\n<div data-id='closed' class=\"ale-toggle\"><span class=\"ale-toggle-title\">Ver Descripci\u00f3n<\/span><div class=\"ale-toggle-inner\">\n<h4>24 departamentos de dise\u00f1o.<\/h4>\n<h4>Frente al parque y contrafrente al mar.<\/h4>\n<h4>Hall de 5 metros de altura.<\/h4>\n<h4>Estacionamiento.<\/h4>\n<h4>Seguridad 24 hs.<\/h4>\n<h4>Spa con hidromasaje y sauna. Pileta de relajacion y Gimanasio con vista al parque y playa.<\/h4>\n<h4>Salon de usos multiples con cocina y terrazas, con vista panoramica de la ciudad.<\/h4>\n<h4>Edificio totalmente electrico.<\/h4>\n<h4>Carpinterias de aluminio con DVH y triple cierre.<\/h4>\n<h4>Lavadero independiente en cada departamento.<\/h4>\n<h4>Ascensores \u00faltima generaci\u00f3n.<\/h4>\n<\/div><\/div>\n<div class=\"ale-divider bold\"><\/div>\n<h3><span style=\"color: #000000;\">Plantas disponibles<\/span><\/h3>\n<p>&nbsp;<\/p>\n<h4><a href=\"http:\/\/chiocchetti.com.ar\/inmo\/wp-content\/uploads\/2014\/11\/1_dor.jpg\" target=\"_blank\"><img loading=\"lazy\" decoding=\"async\" class=\"alignnone wp-image-3652 size-medium\" src=\"http:\/\/chiocchetti.com.ar\/inmo\/wp-content\/uploads\/2014\/11\/1_dor-300x300.jpg\" alt=\"1_dor\" width=\"300\" height=\"300\" srcset=\"https:\/\/chiocchetti.com.ar\/inmo\/wp-content\/uploads\/2014\/11\/1_dor-300x300.jpg 300w, https:\/\/chiocchetti.com.ar\/inmo\/wp-content\/uploads\/2014\/11\/1_dor-150x150.jpg 150w, https:\/\/chiocchetti.com.ar\/inmo\/wp-content\/uploads\/2014\/11\/1_dor.jpg 900w\" sizes=\"auto, (max-width: 300px) 100vw, 300px\" \/><\/a>\u00a0 \u00a0 \u00a0 \u00a0 \u00a0\u00a0\u00a0<a href=\"http:\/\/chiocchetti.com.ar\/inmo\/wp-content\/uploads\/2014\/11\/2_dor.jpg\" target=\"_blank\"><img loading=\"lazy\" decoding=\"async\" class=\"alignnone wp-image-3653 size-medium\" src=\"http:\/\/chiocchetti.com.ar\/inmo\/wp-content\/uploads\/2014\/11\/2_dor-300x300.jpg\" alt=\"2_dor\" width=\"300\" height=\"300\" srcset=\"https:\/\/chiocchetti.com.ar\/inmo\/wp-content\/uploads\/2014\/11\/2_dor-300x300.jpg 300w, https:\/\/chiocchetti.com.ar\/inmo\/wp-content\/uploads\/2014\/11\/2_dor-150x150.jpg 150w, https:\/\/chiocchetti.com.ar\/inmo\/wp-content\/uploads\/2014\/11\/2_dor.jpg 900w\" sizes=\"auto, (max-width: 300px) 100vw, 300px\" \/><\/a> <a href=\"http:\/\/chiocchetti.com.ar\/inmo\/wp-content\/uploads\/2014\/11\/3_dor.jpg\" target=\"_blank\"><img loading=\"lazy\" decoding=\"async\" class=\"alignnone wp-image-3654 size-medium\" src=\"http:\/\/chiocchetti.com.ar\/inmo\/wp-content\/uploads\/2014\/11\/3_dor-300x300.jpg\" alt=\"3_dor\" width=\"300\" height=\"300\" srcset=\"https:\/\/chiocchetti.com.ar\/inmo\/wp-content\/uploads\/2014\/11\/3_dor-300x300.jpg 300w, https:\/\/chiocchetti.com.ar\/inmo\/wp-content\/uploads\/2014\/11\/3_dor-150x150.jpg 150w, https:\/\/chiocchetti.com.ar\/inmo\/wp-content\/uploads\/2014\/11\/3_dor.jpg 900w\" sizes=\"auto, (max-width: 300px) 100vw, 300px\" \/><\/a><a href=\"http:\/\/chiocchetti.com.ar\/inmo\/wp-content\/uploads\/2014\/11\/duplex_alta.jpg\" target=\"_blank\"><img loading=\"lazy\" decoding=\"async\" class=\"alignnone wp-image-3677 size-medium\" src=\"http:\/\/chiocchetti.com.ar\/inmo\/wp-content\/uploads\/2014\/11\/duplex_alta-300x300.jpg\" width=\"300\" height=\"300\" srcset=\"https:\/\/chiocchetti.com.ar\/inmo\/wp-content\/uploads\/2014\/11\/duplex_alta-300x300.jpg 300w, https:\/\/chiocchetti.com.ar\/inmo\/wp-content\/uploads\/2014\/11\/duplex_alta-150x150.jpg 150w, https:\/\/chiocchetti.com.ar\/inmo\/wp-content\/uploads\/2014\/11\/duplex_alta.jpg 900w\" sizes=\"auto, (max-width: 300px) 100vw, 300px\" \/><\/a><a href=\"http:\/\/chiocchetti.com.ar\/inmo\/wp-content\/uploads\/2014\/11\/duplex_baja.jpg\" target=\"_blank\"><img loading=\"lazy\" decoding=\"async\" class=\"alignnone wp-image-3678 size-medium\" src=\"http:\/\/chiocchetti.com.ar\/inmo\/wp-content\/uploads\/2014\/11\/duplex_baja-300x300.jpg\" width=\"300\" height=\"300\" srcset=\"https:\/\/chiocchetti.com.ar\/inmo\/wp-content\/uploads\/2014\/11\/duplex_baja-300x300.jpg 300w, https:\/\/chiocchetti.com.ar\/inmo\/wp-content\/uploads\/2014\/11\/duplex_baja-150x150.jpg 150w, https:\/\/chiocchetti.com.ar\/inmo\/wp-content\/uploads\/2014\/11\/duplex_baja.jpg 900w\" sizes=\"auto, (max-width: 300px) 100vw, 300px\" \/><\/a><a href=\"http:\/\/chiocchetti.com.ar\/inmo\/wp-content\/uploads\/2014\/11\/spa.jpg\" target=\"_blank\"><img loading=\"lazy\" decoding=\"async\" class=\"alignnone wp-image-3679 size-medium\" src=\"http:\/\/chiocchetti.com.ar\/inmo\/wp-content\/uploads\/2014\/11\/spa-300x300.jpg\" width=\"300\" height=\"300\" srcset=\"https:\/\/chiocchetti.com.ar\/inmo\/wp-content\/uploads\/2014\/11\/spa-300x300.jpg 300w, https:\/\/chiocchetti.com.ar\/inmo\/wp-content\/uploads\/2014\/11\/spa-150x150.jpg 150w, https:\/\/chiocchetti.com.ar\/inmo\/wp-content\/uploads\/2014\/11\/spa.jpg 900w\" sizes=\"auto, (max-width: 300px) 100vw, 300px\" \/><\/a><\/h4>\n<h4><\/h4>\n<div class=\"ale-divider bold\"><\/div>\n<p><a href=\"http:\/\/chiocchetti.com.ar\/inmo\/wp-content\/uploads\/2014\/11\/4.jpg\" target=\"_blank\"><img loading=\"lazy\" decoding=\"async\" class=\"alignnone wp-image-3647 size-medium\" src=\"http:\/\/chiocchetti.com.ar\/inmo\/wp-content\/uploads\/2014\/11\/4-185x300.jpg\" alt=\"4\" width=\"185\" height=\"300\" srcset=\"https:\/\/chiocchetti.com.ar\/inmo\/wp-content\/uploads\/2014\/11\/4-185x300.jpg 185w, https:\/\/chiocchetti.com.ar\/inmo\/wp-content\/uploads\/2014\/11\/4.jpg 600w\" sizes=\"auto, (max-width: 185px) 100vw, 185px\" \/><\/a><a href=\"http:\/\/chiocchetti.com.ar\/inmo\/wp-content\/uploads\/2014\/11\/1.jpg\" target=\"_blank\"><img loading=\"lazy\" decoding=\"async\" class=\"alignnone wp-image-3643 size-medium\" src=\"http:\/\/chiocchetti.com.ar\/inmo\/wp-content\/uploads\/2014\/11\/1-300x225.jpg\" alt=\"1\" width=\"300\" height=\"225\" srcset=\"https:\/\/chiocchetti.com.ar\/inmo\/wp-content\/uploads\/2014\/11\/1-300x225.jpg 300w, https:\/\/chiocchetti.com.ar\/inmo\/wp-content\/uploads\/2014\/11\/1.jpg 900w\" sizes=\"auto, (max-width: 300px) 100vw, 300px\" \/><\/a><a href=\"http:\/\/chiocchetti.com.ar\/inmo\/wp-content\/uploads\/2014\/11\/8.jpg\"><img loading=\"lazy\" decoding=\"async\" class=\"alignnone wp-image-3641 size-medium\" src=\"http:\/\/chiocchetti.com.ar\/inmo\/wp-content\/uploads\/2014\/11\/8-300x225.jpg\" width=\"300\" height=\"225\" srcset=\"https:\/\/chiocchetti.com.ar\/inmo\/wp-content\/uploads\/2014\/11\/8-300x225.jpg 300w, https:\/\/chiocchetti.com.ar\/inmo\/wp-content\/uploads\/2014\/11\/8.jpg 900w\" sizes=\"auto, (max-width: 300px) 100vw, 300px\" \/><\/a><a href=\"http:\/\/chiocchetti.com.ar\/inmo\/wp-content\/uploads\/2014\/11\/9.jpg\"><img loading=\"lazy\" decoding=\"async\" class=\"alignnone wp-image-3640 size-medium\" src=\"http:\/\/chiocchetti.com.ar\/inmo\/wp-content\/uploads\/2014\/11\/9-300x225.jpg\" width=\"300\" height=\"225\" srcset=\"https:\/\/chiocchetti.com.ar\/inmo\/wp-content\/uploads\/2014\/11\/9-300x225.jpg 300w, https:\/\/chiocchetti.com.ar\/inmo\/wp-content\/uploads\/2014\/11\/9.jpg 900w\" sizes=\"auto, (max-width: 300px) 100vw, 300px\" \/><\/a><a href=\"http:\/\/chiocchetti.com.ar\/inmo\/wp-content\/uploads\/2014\/11\/2.jpg\" target=\"_blank\"><img loading=\"lazy\" decoding=\"async\" class=\"alignnone wp-image-3644 size-medium\" src=\"http:\/\/chiocchetti.com.ar\/inmo\/wp-content\/uploads\/2014\/11\/2-300x185.jpg\" alt=\"2\" width=\"300\" height=\"185\" srcset=\"https:\/\/chiocchetti.com.ar\/inmo\/wp-content\/uploads\/2014\/11\/2-300x185.jpg 300w, https:\/\/chiocchetti.com.ar\/inmo\/wp-content\/uploads\/2014\/11\/2.jpg 900w\" sizes=\"auto, (max-width: 300px) 100vw, 300px\" \/><\/a>\u00a0<a href=\"http:\/\/chiocchetti.com.ar\/inmo\/wp-content\/uploads\/2014\/11\/3.jpg\"><img loading=\"lazy\" decoding=\"async\" class=\"alignnone wp-image-3648 size-medium\" src=\"http:\/\/chiocchetti.com.ar\/inmo\/wp-content\/uploads\/2014\/11\/3-300x225.jpg\" width=\"300\" height=\"225\" srcset=\"https:\/\/chiocchetti.com.ar\/inmo\/wp-content\/uploads\/2014\/11\/3-300x225.jpg 300w, https:\/\/chiocchetti.com.ar\/inmo\/wp-content\/uploads\/2014\/11\/3.jpg 900w\" sizes=\"auto, (max-width: 300px) 100vw, 300px\" \/><\/a>\u00a0<a href=\"http:\/\/chiocchetti.com.ar\/inmo\/wp-content\/uploads\/2014\/11\/7.jpg\"><img loading=\"lazy\" decoding=\"async\" class=\"alignnone wp-image-3642 size-medium\" src=\"http:\/\/chiocchetti.com.ar\/inmo\/wp-content\/uploads\/2014\/11\/7-300x225.jpg\" width=\"300\" height=\"225\" srcset=\"https:\/\/chiocchetti.com.ar\/inmo\/wp-content\/uploads\/2014\/11\/7-300x225.jpg 300w, https:\/\/chiocchetti.com.ar\/inmo\/wp-content\/uploads\/2014\/11\/7.jpg 900w\" sizes=\"auto, (max-width: 300px) 100vw, 300px\" \/><\/a><\/p>\n","protected":false},"excerpt":{"rendered":"<p>Ubicado entre el mar y enfrentado al maravilloso parque Miguel Lillo, ALHMA. PARQUE propone un FIDEICOMISO \u00fanico en la ciudad. De uno a 4 \u00a0departamento por piso, carpinter\u00eda DVH, ascensores de \u00faltima tecnolog\u00eda y Hall de 5mts de altura hacen de este emprendimiento una oportunidad \u00fanica. El fideicomiso\u00a0 ALHMA PARQUE se emplaza sobre la calle [&hellip;]<\/p>\n","protected":false},"author":1,"featured_media":0,"parent":0,"menu_order":0,"comment_status":"open","ping_status":"open","template":"template-service-1.php","meta":{"footnotes":""},"class_list":["post-668","page","type-page","status-publish","hentry"],"_links":{"self":[{"href":"https:\/\/chiocchetti.com.ar\/inmo\/wp-json\/wp\/v2\/pages\/668","targetHints":{"allow":["GET"]}}],"collection":[{"href":"https:\/\/chiocchetti.com.ar\/inmo\/wp-json\/wp\/v2\/pages"}],"about":[{"href":"https:\/\/chiocchetti.com.ar\/inmo\/wp-json\/wp\/v2\/types\/page"}],"author":[{"embeddable":true,"href":"https:\/\/chiocchetti.com.ar\/inmo\/wp-json\/wp\/v2\/users\/1"}],"replies":[{"embeddable":true,"href":"https:\/\/chiocchetti.com.ar\/inmo\/wp-json\/wp\/v2\/comments?post=668"}],"version-history":[{"count":23,"href":"https:\/\/chiocchetti.com.ar\/inmo\/wp-json\/wp\/v2\/pages\/668\/revisions"}],"predecessor-version":[{"id":3680,"href":"https:\/\/chiocchetti.com.ar\/inmo\/wp-json\/wp\/v2\/pages\/668\/revisions\/3680"}],"wp:attachment":[{"href":"https:\/\/chiocchetti.com.ar\/inmo\/wp-json\/wp\/v2\/media?parent=668"}],"curies":[{"name":"wp","href":"https:\/\/api.w.org\/{rel}","templated":true}]}}